{"id":2,"date":"2025-12-01T10:47:16","date_gmt":"2025-12-01T10:47:16","guid":{"rendered":"https:\/\/raitfy.com\/?page_id=2"},"modified":"2025-12-10T11:26:03","modified_gmt":"2025-12-10T10:26:03","slug":"info","status":"publish","type":"page","link":"https:\/\/www.raitfy.com\/?page_id=2","title":{"rendered":"INFORMACI\u00d3N"},"content":{"rendered":"<div data-colibri-id=\"2-c1\" class=\"style-778 style-local-2-c1 position-relative\">\n  <!---->\n  <div data-colibri-component=\"section\" data-colibri-id=\"2-c2\" id=\"initial-content\" class=\"h-section h-section-global-spacing d-flex align-items-lg-center align-items-md-center align-items-center style-779 style-local-2-c2 position-relative\">\n    <!---->\n    <!---->\n    <div class=\"h-section-grid-container h-section-boxed-container\">\n      <!---->\n      <div data-colibri-id=\"2-c3\" class=\"h-row-container gutters-row-lg-1 gutters-row-md-1 gutters-row-0 gutters-row-v-lg-1 gutters-row-v-md-1 gutters-row-v-1 style-780 style-local-2-c3 position-relative\">\n        <!---->\n        <div class=\"h-row justify-content-lg-center justify-content-md-center justify-content-center align-items-lg-stretch align-items-md-stretch align-items-stretch gutters-col-lg-1 gutters-col-md-1 gutters-col-0 gutters-col-v-lg-1 gutters-col-v-md-1 gutters-col-v-1\">\n          <!---->\n          <div class=\"h-column h-column-container d-flex h-col-lg-auto h-col-md-auto h-col-auto style-781-outer style-local-2-c4-outer\">\n            <div data-colibri-id=\"2-c4\" class=\"d-flex h-flex-basis h-column__inner h-px-lg-1 h-px-md-1 h-px-1 v-inner-lg-1 v-inner-md-1 v-inner-1 style-781 style-local-2-c4 position-relative\">\n              <!---->\n              <!---->\n              <div class=\"w-100 h-y-container h-column__content h-column__v-align flex-basis-100 align-self-lg-start align-self-md-start align-self-start\">\n                <!---->\n                <div data-colibri-id=\"2-c5\" class=\"style-782 style-local-2-c5 position-relative h-element\">\n                  <!---->\n                  <div>\n                    \n                    <p>El sector de la climatizaci\u00f3n y refrigeraci\u00f3n ofrece grandes oportunidades de negocio y a su vez presenta importantes retos. Analicemos el sector y veamos que se requiere:<\/p>\n                    \n\n                    \n                    <p>La parte visible de los proyectos es importante, pero la invisible es fundamental para <strong>diferenciarse del resto<\/strong>.<\/p>\n                    \n\n                    \n                    <p>Dar un<strong> salto de calidad<\/strong> en el sector se basa en la introducci\u00f3n de:<\/p>\n                    \n\n                    \n                    <ul class=\"wp-block-list\">\n                      \n                      <li>Seguimiento a tiempo real del funcionamiento de las instalaciones a trav\u00e9s de<strong> telemetr\u00eda<\/strong>, cotejando los resultados con <strong>diagn\u00f3sticos evaluados por IA<\/strong>.<\/li>\n                      \n\n                      \n                      <li>Generar informes del estado de los componentes para <strong>actuar de forma preventiva<\/strong>, no reactiva.<\/li>\n                      \n\n                      \n                      <li>Acceso r\u00e1pido al <strong>historial completo de la m\u00e1quina<\/strong> a trav\u00e9s de nuestra APP y el tag NFC de cada m\u00e1quina, para realizar una intervenci\u00f3n con toda la informaci\u00f3n de las <strong>modificaciones<\/strong> e<strong> incidencias anteriores.<\/strong><\/li>\n                      \n\n                      \n                      <li><strong>Acceso inmediato y digital a la informaci\u00f3n <\/strong>del plan de mantenimiento de la empresa, control de costes, facturas, etc. a trav\u00e9s del acceso a nuestro GMAO.<\/li>\n                      \n                    <\/ul>\n                    \n                  <\/div>\n                <\/div>\n              <\/div>\n            <\/div>\n          <\/div>\n        <\/div>\n      <\/div>\n      <div data-colibri-id=\"2-c6\" class=\"h-row-container gutters-row-lg-2 gutters-row-md-2 gutters-row-0 gutters-row-v-lg-2 gutters-row-v-md-2 gutters-row-v-2 style-783 style-local-2-c6 position-relative\">\n        <!---->\n        <div class=\"h-row justify-content-lg-center justify-content-md-center justify-content-center align-items-lg-stretch align-items-md-stretch align-items-stretch gutters-col-lg-2 gutters-col-md-2 gutters-col-0 gutters-col-v-lg-2 gutters-col-v-md-2 gutters-col-v-2\">\n          <!---->\n          <div class=\"h-column h-column-container d-flex h-col-lg-auto h-col-md-auto h-col-auto style-784-outer style-local-2-c7-outer\">\n            <div data-colibri-id=\"2-c7\" class=\"d-flex h-flex-basis h-column__inner h-px-lg-2 h-px-md-2 h-px-2 v-inner-lg-2 v-inner-md-2 v-inner-2 style-784 style-local-2-c7 position-relative\">\n              <!---->\n              <!---->\n              <div class=\"w-100 h-y-container h-column__content h-column__v-align flex-basis-100 align-self-lg-start align-self-md-start align-self-start\">\n                <!---->\n                <div data-colibri-id=\"2-c8\" class=\"h-x-container style-785 style-local-2-c8 position-relative h-element\">\n                  <!---->\n                  <div class=\"h-x-container-inner style-dynamic-2-c8-group style-785-spacing style-local-2-c8-spacing\"><span class=\"h-button__outer style-786-outer style-local-2-c9-outer d-inline-flex h-element\"><a h-use-smooth-scroll=\"true\" href=\"https:\/\/www.raitfy.com\/?page_id=14\"  data-colibri-id=\"2-c9\" class=\"d-flex w-100 align-items-center h-button justify-content-lg-center justify-content-md-center justify-content-center style-786 style-local-2-c9 position-relative\"><!----><!----> <span>CONTACTO<\/span><\/a>\n                    <\/span>\n                  <\/div>\n                <\/div>\n              <\/div>\n            <\/div>\n          <\/div>\n        <\/div>\n      <\/div>\n    <\/div>\n  <\/div>\n<\/div>","protected":false},"excerpt":{"rendered":"<p>El sector de la climatizaci\u00f3n y refrigeraci\u00f3n ofrece grandes oportunidades de negocio y [&hellip;]<\/p>\n","protected":false},"author":1,"featured_media":0,"parent":0,"menu_order":0,"comment_status":"closed","ping_status":"closed","template":"page-templates\/full-width-page.php","meta":{"footnotes":""},"class_list":["post-2","page","type-page","status-publish","hentry"],"_links":{"self":[{"href":"https:\/\/www.raitfy.com\/index.php?rest_route=\/wp\/v2\/pages\/2","targetHints":{"allow":["GET"]}}],"collection":[{"href":"https:\/\/www.raitfy.com\/index.php?rest_route=\/wp\/v2\/pages"}],"about":[{"href":"https:\/\/www.raitfy.com\/index.php?rest_route=\/wp\/v2\/types\/page"}],"author":[{"embeddable":true,"href":"https:\/\/www.raitfy.com\/index.php?rest_route=\/wp\/v2\/users\/1"}],"replies":[{"embeddable":true,"href":"https:\/\/www.raitfy.com\/index.php?rest_route=%2Fwp%2Fv2%2Fcomments&post=2"}],"version-history":[{"count":9,"href":"https:\/\/www.raitfy.com\/index.php?rest_route=\/wp\/v2\/pages\/2\/revisions"}],"predecessor-version":[{"id":1160,"href":"https:\/\/www.raitfy.com\/index.php?rest_route=\/wp\/v2\/pages\/2\/revisions\/1160"}],"wp:attachment":[{"href":"https:\/\/www.raitfy.com\/index.php?rest_route=%2Fwp%2Fv2%2Fmedia&parent=2"}],"curies":[{"name":"wp","href":"https:\/\/api.w.org\/{rel}","templated":true}]}}